









{"id":273,"date":"2016-01-26T14:43:21","date_gmt":"2016-01-26T13:43:21","guid":{"rendered":"http:\/\/showart.se\/?page_id=273"},"modified":"2016-01-26T14:43:21","modified_gmt":"2016-01-26T13:43:21","slug":"teman-koncept","status":"publish","type":"page","link":"https:\/\/showart.se\/?page_id=273","title":{"rendered":"Teman &#038; Koncept"},"content":{"rendered":"<h1>Bakgrundsmusik\/cocktailmusik<\/h1>\n<p>Cocktailmusik\/pianobar med Carina (piano &amp; s\u00e5ng)<br \/>\nCocktailmusik\/pianobar med Carina och Marina<br \/>\nCocktailmusik piano och violin<br \/>\nJazztrio (piano, bas, trummor)<br \/>\nJazzkvartett (piano, bas, trummor, s\u00e5ng)<\/p>\n<h1>Middagsunderh\u00e5llning med piano och s\u00e5ng<\/h1>\n<p>Middagsunderh\u00e5llning med look-alikes<br \/>\nMiddagsunderh\u00e5llning med Marina och manlig s\u00e5ngare (operatenor, musikalartist, allrounds\u00e5ngare eller rocks\u00e5ngare)<br \/>\nMiddagsunderh\u00e5llning som ovan fast med valfritt antal artister<\/p>\n<p><strong>Marina kan \u00e4ven fungera som konferencier under eventet<\/strong><\/p>\n<h1>Band med Marina Johansson som s\u00e5ngare<\/h1>\n<p>(tjejbandet \u201dThe Chics\u201d och killband finns att tillg\u00e5)<\/p>\n<p>Band kompar middagsunderh\u00e5llning<br \/>\nBand efter middagen<br \/>\nBand till middag och efter middag<br \/>\nSom ovan + manlig s\u00e5ngare<\/p>\n<h1>Schlagershow\/Melodifestivalshow<\/h1>\n<p>Fullt band (tjej- eller killband) med tv\u00e5 vokalister (Marina och manlig showartist). Ett roligt inslag \u00e4r att n\u00e5gra fr\u00e5n f\u00f6retaget kan sjunga ett par bidrag i en melodifestivalt\u00e4vling och att ex. vd:n vinner.<\/p>\n<h1>Country show<\/h1>\n<p>\u201dThe Chics\u201d g\u00f6r en sv\u00e4ngig countryshow med Marina Johansson som s\u00e5ngare<br \/>\n\u201dThe Chics\u201d country show med Marina och manlig s\u00e5ngare kan \u00e4ven f\u00e5 en Dolly Parton look-alike.<br \/>\n\u201dThe Chics\u201d country show med Marina och violinist<br \/>\n\u201dThe Chics\u201d country show med Marina och manlig s\u00e5ngare + violinist<\/p>\n<h1>Glitter- och glamourshow i Las Vegas-anda<\/h1>\n<p>En show med h\u00e4rlig showmusik som f\u00f6rknippas med Las Vegas fr\u00e5n f\u00f6rr (piano och tv\u00e5 leads\u00e5ngare, eller fullt band och tv\u00e5 leads\u00e5ngare)<\/p>\n<h1>Underh\u00e5llning under konferensen<\/h1>\n<p>Korta musikinslag under t.ex. en l\u00e5ng dag med f\u00f6redrag som f\u00f6rgyller f\u00f6retagets seminarium och g\u00f6r att \u00e5h\u00f6rarna f\u00e5r vara med och r\u00f6ra p\u00e5 sig och sjunga med, d\u00e4rav orkar \u00e5h\u00f6rarna hela dagens tunga seminarium. G\u00e5r att g\u00f6ra med bara piano och s\u00e5ng eller med fullt band.<\/p>\n<h1>Marina och Moosebrothers<\/h1>\n<p>En show i sann Blues Brothers-anda med \u00e5ttamannaband, Elwood &amp; Jake samt Marina som Aretha Franklin.<\/p>\n","protected":false},"excerpt":{"rendered":"<p>Bakgrundsmusik\/cocktailmusik Cocktailmusik\/pianobar med Carina (piano &amp; s\u00e5ng) Cocktailmusik\/pianobar med Carina och Marina Cocktailmusik piano och violin Jazztrio (piano, bas, trummor) Jazzkvartett (piano, bas, trummor, s\u00e5ng) Middagsunderh\u00e5llning med piano och s\u00e5ng Middagsunderh\u00e5llning med look-alikes Middagsunderh\u00e5llning med Marina och manlig s\u00e5ngare (operatenor, musikalartist, allrounds\u00e5ngare eller rocks\u00e5ngare) Middagsunderh\u00e5llning som ovan fast med valfritt antal artister Marina kan \u00e4ven fungera som konferencier under eventet Band med Marina Johansson som s\u00e5ngare (tjejbandet \u201dThe Chics\u201d och killband finns att tillg\u00e5) Band kompar middagsunderh\u00e5llning Band efter middagen Band till middag och efter middag Som ovan + manlig s\u00e5ngare Schlagershow\/Melodifestivalshow Fullt band (tjej- eller killband) med tv\u00e5 vokalister[&#8230;]<\/p>\n","protected":false},"author":1,"featured_media":0,"parent":0,"menu_order":0,"comment_status":"closed","ping_status":"closed","template":"","meta":[],"_links":{"self":[{"href":"https:\/\/showart.se\/index.php?rest_route=\/wp\/v2\/pages\/273"}],"collection":[{"href":"https:\/\/showart.se\/index.php?rest_route=\/wp\/v2\/pages"}],"about":[{"href":"https:\/\/showart.se\/index.php?rest_route=\/wp\/v2\/types\/page"}],"author":[{"embeddable":true,"href":"https:\/\/showart.se\/index.php?rest_route=\/wp\/v2\/users\/1"}],"replies":[{"embeddable":true,"href":"https:\/\/showart.se\/index.php?rest_route=%2Fwp%2Fv2%2Fcomments&post=273"}],"version-history":[{"count":1,"href":"https:\/\/showart.se\/index.php?rest_route=\/wp\/v2\/pages\/273\/revisions"}],"predecessor-version":[{"id":274,"href":"https:\/\/showart.se\/index.php?rest_route=\/wp\/v2\/pages\/273\/revisions\/274"}],"wp:attachment":[{"href":"https:\/\/showart.se\/index.php?rest_route=%2Fwp%2Fv2%2Fmedia&parent=273"}],"curies":[{"name":"wp","href":"https:\/\/api.w.org\/{rel}","templated":true}]}}